{"id":6666,"date":"2016-03-08T13:03:26","date_gmt":"2016-03-08T13:03:26","guid":{"rendered":"http:\/\/carthage-tech.net\/test\/cl\/?page_id=6666"},"modified":"2016-03-08T13:03:26","modified_gmt":"2016-03-08T13:03:26","slug":"qui-sommes-nous","status":"publish","type":"page","link":"https:\/\/seculab-dz.com\/?page_id=6666","title":{"rendered":"Qui sommes-nous ?"},"content":{"rendered":"<div class=\"wpb-content-wrapper\"><p>[vc_row][vc_column width=\u00a0\u00bb1\/6&Prime;][\/vc_column][vc_column width=\u00a0\u00bb2\/3&Prime;][vc_column_text]<\/p>\n<h4 style=\"text-align: center;\">SECULAB vous accompagne dans la conformit\u00e9 de vos produits en fournissant des services d\u2019analyses microbiologiques et physico-chimiques en laboratoire sur une large gamme de matrices\u00a0: produits Agro-alimentaires, produits cosm\u00e9tiques, produits d\u2019entretiens, aliments de b\u00e9tail, des eaux et sols\u2026<\/h4>\n<p>[\/vc_column_text][vc_empty_space][\/vc_column][vc_column width=\u00a0\u00bb1\/6&Prime;][\/vc_column][\/vc_row][vc_row][vc_column width=\u00a0\u00bb1\/4&Prime; css=\u00a0\u00bb.vc_custom_1716323029477{margin-bottom: 20px !important;}\u00a0\u00bb]<div class=\"cz_eqh cz_content_box_parent_fx  \"><div class=\"fx_shine_hover\"><div id=\"cz_49072\" class=\"cz_49072 cz_content_box clr fx_backed_fade_out_in cz_box_back_pos_mc cz_box_backed\"><div class=\"cz_box_front clr\"><div class=\"cz_box_front_inner clr \"><span><\/span><div><div class=\"cz_gap clr \" style=\"height: 100px\"><\/div><\/div><\/div><\/div><div class=\"cz_box_back clr\">\n\t\t\t\t<div class=\"cz_box_back_inner clr\">\n\t\t\t\t\t<div>\n\t\t\t\t\t\t<div class=\"cz_box_back_inner_position\">\n\t\t\t\t\t\t\t<div class=\"cz_box_back_title\">Pr\u00e9cision<\/div>\n\t\t\t\t\t\t\t<div class=\"cz_box_back_content\">Des m\u00e9thodes d\u2019analyses normalis\u00e9es, une \u00e9quipe pluridisciplinaire et des \u00e9quipements techniques modernes certifi\u00e9s garantissent la qualit\u00e9 et la fiabilit\u00e9 des r\u00e9sultats d\u2019analyses.<\/div>\n\t\t\t\t\t\t\t\n\t\t\t\t\t\t<\/div>\n\t\t\t\t\t<\/div>\n\t\t\t\t<\/div>\n\t\t\t<\/div><\/div><\/div><\/div>[\/vc_column][vc_column width=\u00a0\u00bb1\/4&Prime; css=\u00a0\u00bb.vc_custom_1716323040752{margin-bottom: 20px !important;}\u00a0\u00bb]<div class=\"cz_eqh cz_content_box_parent_fx  \"><div class=\"fx_shine_hover\"><div id=\"cz_69424\" class=\"cz_69424 cz_content_box clr fx_backed_fade_out_in cz_box_back_pos_mc cz_box_backed\"><div class=\"cz_box_front clr\"><div class=\"cz_box_front_inner clr \"><span><\/span><div><div class=\"cz_gap clr \" style=\"height: 100px\"><\/div><\/div><\/div><\/div><div class=\"cz_box_back clr\">\n\t\t\t\t<div class=\"cz_box_back_inner clr\">\n\t\t\t\t\t<div>\n\t\t\t\t\t\t<div class=\"cz_box_back_inner_position\">\n\t\t\t\t\t\t\t<div class=\"cz_box_back_title\">Rapidit\u00e9<\/div>\n\t\t\t\t\t\t\t<div class=\"cz_box_back_content\">SECULAB garantit des d\u00e9lais d\u2019analyses rapides.<\/div>\n\t\t\t\t\t\t\t\n\t\t\t\t\t\t<\/div>\n\t\t\t\t\t<\/div>\n\t\t\t\t<\/div>\n\t\t\t<\/div><\/div><\/div><\/div>[\/vc_column][vc_column width=\u00a0\u00bb1\/4&Prime; css=\u00a0\u00bb.vc_custom_1716323051587{margin-bottom: 20px !important;}\u00a0\u00bb]<div class=\"cz_eqh cz_content_box_parent_fx  \"><div class=\"fx_shine_hover\"><div id=\"cz_85267\" class=\"cz_85267 cz_content_box clr fx_backed_fade_out_in cz_box_back_pos_mc cz_box_backed\"><div class=\"cz_box_front clr\"><div class=\"cz_box_front_inner clr \"><span><\/span><div><div class=\"cz_gap clr \" style=\"height: 100px\"><\/div><\/div><\/div><\/div><div class=\"cz_box_back clr\">\n\t\t\t\t<div class=\"cz_box_back_inner clr\">\n\t\t\t\t\t<div>\n\t\t\t\t\t\t<div class=\"cz_box_back_inner_position\">\n\t\t\t\t\t\t\t<div class=\"cz_box_back_title\">R\u00e9activit\u00e9<\/div>\n\t\t\t\t\t\t\t<div class=\"cz_box_back_content\">Nous sommes disponibles \u00e0 tout moment.<\/div>\n\t\t\t\t\t\t\t\n\t\t\t\t\t\t<\/div>\n\t\t\t\t\t<\/div>\n\t\t\t\t<\/div>\n\t\t\t<\/div><\/div><\/div><\/div>[\/vc_column][vc_column width=\u00a0\u00bb1\/4&Prime;]<div class=\"cz_eqh cz_content_box_parent_fx  \"><div class=\"fx_shine_hover\"><div id=\"cz_86660\" class=\"cz_86660 cz_content_box clr fx_backed_fade_out_in cz_box_back_pos_mc cz_box_backed\"><div class=\"cz_box_front clr\"><div class=\"cz_box_front_inner clr \"><span><\/span><div><div class=\"cz_gap clr \" style=\"height: 100px\"><\/div><\/div><\/div><\/div><div class=\"cz_box_back clr\">\n\t\t\t\t<div class=\"cz_box_back_inner clr\">\n\t\t\t\t\t<div>\n\t\t\t\t\t\t<div class=\"cz_box_back_inner_position\">\n\t\t\t\t\t\t\t<div class=\"cz_box_back_title\">Confidentialit\u00e9<\/div>\n\t\t\t\t\t\t\t<div class=\"cz_box_back_content\">Le personnel est tenu au secret professionnel sur toutes les informations. Nous garantissons une qualit\u00e9 sup\u00e9rieure, des prix concurrentiels et la r\u00e9alisation du service \u00e0 temps.<\/div>\n\t\t\t\t\t\t\t\n\t\t\t\t\t\t<\/div>\n\t\t\t\t\t<\/div>\n\t\t\t\t<\/div>\n\t\t\t<\/div><\/div><\/div><\/div>[\/vc_column][\/vc_row][vc_row][vc_column]<div class=\"cz_gap clr \" style=\"height: 80px\"><\/div>[\/vc_column][\/vc_row][vc_row full_width=\u00a0\u00bbstretch_row\u00a0\u00bb css=\u00a0\u00bb.vc_custom_1716222709530{background-color: #019a93 !important;}\u00a0\u00bb][vc_column]<div class=\"cz_gap clr \" style=\"height: 20px\"><\/div><div id=\"cz_49440\" class=\"cz_49440 cz_title clr cz_title_pos_inline tac\"><div class=\"cz_title_content\"><div class=\"cz_wpe_content\"><h2 style=\"text-align: center;\"><span style=\"color: #ffffff;\">SECULAB<\/span><\/h2>\n<h4 style=\"text-align: center;\"><span style=\"color: #ffffff;\">Laboratoire de contr\u00f4le de qualit\u00e9 et conformit\u00e9<\/span><\/h4>\n<p style=\"text-align: center;\"><span style=\"color: #ffffff;\">SECULAB est un laboratoire d\u2019essai et d\u2019analyse de la qualit\u00e9, agr\u00e9\u00e9 par le minist\u00e8re du commerce, install\u00e9 \u00e0 Douera qui offre et assure un service complet allant de l\u2019\u00e9chantillonnage et du pr\u00e9l\u00e8vement des \u00e9chantillons sur le terrain, aux analyses compl\u00e8tes au laboratoire, jusqu\u2019\u00e0 l\u2019exploitation des r\u00e9sultats.<\/span><\/p>\n<\/div><\/div><\/div><div class=\"cz_gap clr \" style=\"height: 20px\"><\/div>[\/vc_column][\/vc_row][vc_row][vc_column]<div class=\"cz_gap clr \" style=\"height: 50px\"><\/div>[\/vc_column][\/vc_row][vc_row][vc_column][vc_custom_heading text=\u00a0\u00bbOrganisation du labo\u00a0\u00bb font_container=\u00a0\u00bbtag:h2|text_align:left|color:%23019a93&Prime; use_theme_fonts=\u00a0\u00bbyes\u00a0\u00bb][vc_separator color=\u00a0\u00bbcustom\u00a0\u00bb align=\u00a0\u00bbalign_left\u00a0\u00bb el_width=\u00a0\u00bb10&Prime; accent_color=\u00a0\u00bb#019a93&Prime;][vc_empty_space height=\u00a0\u00bb20px\u00a0\u00bb][\/vc_column][\/vc_row][vc_row css=\u00a0\u00bb.vc_custom_1716323450622{margin-right: 20px !important;margin-left: -20px !important;}\u00a0\u00bb][vc_column]<div id=\"cz_97240\" class=\"cz_97240 cz_tabs clr cz_tabs_vl cz_tabs_is_v cz_tabs_fade_in_right\"><div class=\"cz_tabs_content\"><a class=\"cz_tab_a hide\" data-tab=\"cz_92361\" href=\"#\"><span class=\"cz_tab_in_title\">Equipements<\/span><\/a><div id=\"cz_92361\" class=\"cz_tab\"><div>[vc_row_inner][vc_column_inner width=\u00a0\u00bb1\/2&Prime;]<div id=\"cz_14702\" class=\"cz_grid_p cz_14702\"><div class=\"cz_grid cz_grid_1 clr cz_grid_c2 cz_grid_1_no_title cz_grid_1_mid tac\"><div class=\"cz_grid_item cz_grid_first\"><\/div><div class=\"cz_grid_item \"><div><a class=\"cz_grid_link \" href=\"https:\/\/seculab-dz.com\/wp-content\/uploads\/2016\/03\/12380146_1098293763525546_102556157_n-1.jpg\" data-xtra-lightbox><img decoding=\"async\" class=\"\" src=\"https:\/\/seculab-dz.com\/wp-content\/uploads\/2016\/03\/12380146_1098293763525546_102556157_n-1-206x198.jpg\" width=\"206\" height=\"198\" alt=\"12380146_1098293763525546_102556157_n (1)\" title=\"12380146_1098293763525546_102556157_n (1)\" loading=\"lazy\" \/><div class=\"cz_grid_details\"><i class=\"fa fa-search cz_grid_icon\"><\/i><\/div><\/a><\/div><\/div><div class=\"cz_grid_item \"><div><a class=\"cz_grid_link \" href=\"https:\/\/seculab-dz.com\/wp-content\/uploads\/2016\/03\/12722631_1098293863525536_776221251_o-1.jpg\" data-xtra-lightbox><img decoding=\"async\" class=\"\" src=\"https:\/\/seculab-dz.com\/wp-content\/uploads\/2016\/03\/12722631_1098293863525536_776221251_o-1-206x198.jpg\" width=\"206\" height=\"198\" alt=\"12722631_1098293863525536_776221251_o (1)\" title=\"12722631_1098293863525536_776221251_o (1)\" loading=\"lazy\" \/><div class=\"cz_grid_details\"><i class=\"fa fa-search cz_grid_icon\"><\/i><\/div><\/a><\/div><\/div><div class=\"cz_grid_item \"><div><a class=\"cz_grid_link \" href=\"https:\/\/seculab-dz.com\/wp-content\/uploads\/2016\/03\/12896401_1098294403525482_1752853481_o-1.jpg\" data-xtra-lightbox><img decoding=\"async\" class=\"\" src=\"https:\/\/seculab-dz.com\/wp-content\/uploads\/2016\/03\/12896401_1098294403525482_1752853481_o-1-206x198.jpg\" width=\"206\" height=\"198\" alt=\"12896401_1098294403525482_1752853481_o (1)\" title=\"12896401_1098294403525482_1752853481_o (1)\" loading=\"lazy\" \/><div class=\"cz_grid_details\"><i class=\"fa fa-search cz_grid_icon\"><\/i><\/div><\/a><\/div><\/div><div class=\"cz_grid_item \"><div><a class=\"cz_grid_link \" href=\"https:\/\/seculab-dz.com\/wp-content\/uploads\/2016\/03\/12874502_1098298593525063_1728477401_o-1.jpg\" data-xtra-lightbox><img decoding=\"async\" class=\"\" src=\"https:\/\/seculab-dz.com\/wp-content\/uploads\/2016\/03\/12874502_1098298593525063_1728477401_o-1-206x198.jpg\" width=\"206\" height=\"198\" alt=\"12874502_1098298593525063_1728477401_o (1)\" title=\"12874502_1098298593525063_1728477401_o (1)\" loading=\"lazy\" \/><div class=\"cz_grid_details\"><i class=\"fa fa-search cz_grid_icon\"><\/i><\/div><\/a><\/div><\/div><div class=\"cz_grid_item \"><div><a class=\"cz_grid_link \" href=\"https:\/\/seculab-dz.com\/wp-content\/uploads\/2016\/03\/12874202_1098300393524883_97094189_o-1.jpg\" data-xtra-lightbox><img decoding=\"async\" class=\"\" src=\"https:\/\/seculab-dz.com\/wp-content\/uploads\/2016\/03\/12874202_1098300393524883_97094189_o-1-206x198.jpg\" width=\"206\" height=\"198\" alt=\"12874202_1098300393524883_97094189_o (1)\" title=\"12874202_1098300393524883_97094189_o (1)\" loading=\"lazy\" \/><div class=\"cz_grid_details\"><i class=\"fa fa-search cz_grid_icon\"><\/i><\/div><\/a><\/div><\/div><div class=\"cz_grid_item \"><div><a class=\"cz_grid_link \" href=\"https:\/\/seculab-dz.com\/wp-content\/uploads\/2016\/03\/12873591_1098300670191522_1756652498_o-1.jpg\" data-xtra-lightbox><img decoding=\"async\" class=\"\" src=\"https:\/\/seculab-dz.com\/wp-content\/uploads\/2016\/03\/12873591_1098300670191522_1756652498_o-1-206x198.jpg\" width=\"206\" height=\"198\" alt=\"12873591_1098300670191522_1756652498_o (1)\" title=\"12873591_1098300670191522_1756652498_o (1)\" loading=\"lazy\" \/><div class=\"cz_grid_details\"><i class=\"fa fa-search cz_grid_icon\"><\/i><\/div><\/a><\/div><\/div><div class=\"cz_grid_item \"><div><a class=\"cz_grid_link \" href=\"https:\/\/seculab-dz.com\/wp-content\/uploads\/2016\/03\/12894382_1098300680191521_409358854_o.jpg\" data-xtra-lightbox><img decoding=\"async\" class=\"\" src=\"https:\/\/seculab-dz.com\/wp-content\/uploads\/2016\/03\/12894382_1098300680191521_409358854_o-206x198.jpg\" width=\"206\" height=\"198\" alt=\"12894382_1098300680191521_409358854_o\" title=\"12894382_1098300680191521_409358854_o\" loading=\"lazy\" \/><div class=\"cz_grid_details\"><i class=\"fa fa-search cz_grid_icon\"><\/i><\/div><\/a><\/div><\/div><div class=\"cz_grid_item \"><div><a class=\"cz_grid_link \" href=\"https:\/\/seculab-dz.com\/wp-content\/uploads\/2016\/03\/12894523_1098300703524852_1479991704_o-1.jpg\" data-xtra-lightbox><img decoding=\"async\" class=\"\" src=\"https:\/\/seculab-dz.com\/wp-content\/uploads\/2016\/03\/12894523_1098300703524852_1479991704_o-1-206x198.jpg\" width=\"206\" height=\"198\" alt=\"12894523_1098300703524852_1479991704_o (1)\" title=\"12894523_1098300703524852_1479991704_o (1)\" loading=\"lazy\" \/><div class=\"cz_grid_details\"><i class=\"fa fa-search cz_grid_icon\"><\/i><\/div><\/a><\/div><\/div><div class=\"cz_grid_item \"><div><a class=\"cz_grid_link \" href=\"https:\/\/seculab-dz.com\/wp-content\/uploads\/2016\/03\/12894514_1098300706858185_61944145_o-1.jpg\" data-xtra-lightbox><img decoding=\"async\" class=\"\" src=\"https:\/\/seculab-dz.com\/wp-content\/uploads\/2016\/03\/12894514_1098300706858185_61944145_o-1-206x198.jpg\" width=\"206\" height=\"198\" alt=\"12894514_1098300706858185_61944145_o (1)\" title=\"12894514_1098300706858185_61944145_o (1)\" loading=\"lazy\" \/><div class=\"cz_grid_details\"><i class=\"fa fa-search cz_grid_icon\"><\/i><\/div><\/a><\/div><\/div><div class=\"cz_grid_item \"><div><a class=\"cz_grid_link \" href=\"https:\/\/seculab-dz.com\/wp-content\/uploads\/2016\/03\/12873493_1098300716858184_1621076637_o-2.jpg\" data-xtra-lightbox><img decoding=\"async\" class=\"\" src=\"https:\/\/seculab-dz.com\/wp-content\/uploads\/2016\/03\/12873493_1098300716858184_1621076637_o-2-206x198.jpg\" width=\"206\" height=\"198\" alt=\"12873493_1098300716858184_1621076637_o (2)\" title=\"12873493_1098300716858184_1621076637_o (2)\" loading=\"lazy\" \/><div class=\"cz_grid_details\"><i class=\"fa fa-search cz_grid_icon\"><\/i><\/div><\/a><\/div><\/div><div class=\"cz_grid_item \"><div><a class=\"cz_grid_link \" href=\"https:\/\/seculab-dz.com\/wp-content\/uploads\/2016\/03\/12894330_1098300950191494_1352936512_o-1.jpg\" data-xtra-lightbox><img decoding=\"async\" class=\"\" src=\"https:\/\/seculab-dz.com\/wp-content\/uploads\/2016\/03\/12894330_1098300950191494_1352936512_o-1-206x198.jpg\" width=\"206\" height=\"198\" alt=\"12894330_1098300950191494_1352936512_o (1)\" title=\"12894330_1098300950191494_1352936512_o (1)\" loading=\"lazy\" \/><div class=\"cz_grid_details\"><i class=\"fa fa-search cz_grid_icon\"><\/i><\/div><\/a><\/div><\/div><div class=\"cz_grid_item \"><div><a class=\"cz_grid_link \" href=\"https:\/\/seculab-dz.com\/wp-content\/uploads\/2016\/03\/12899478_1098301280191461_466216441_o-1.jpg\" data-xtra-lightbox><img decoding=\"async\" class=\"\" src=\"https:\/\/seculab-dz.com\/wp-content\/uploads\/2016\/03\/12899478_1098301280191461_466216441_o-1-206x198.jpg\" width=\"206\" height=\"198\" alt=\"12899478_1098301280191461_466216441_o (1)\" title=\"12899478_1098301280191461_466216441_o (1)\" loading=\"lazy\" \/><div class=\"cz_grid_details\"><i class=\"fa fa-search cz_grid_icon\"><\/i><\/div><\/a><\/div><\/div><\/div><\/div>[\/vc_column_inner][vc_column_inner width=\u00a0\u00bb1\/2&Prime;][vc_column_text]Le laboratoire est dot\u00e9 d\u2019un mat\u00e9riel neuf et performant, garantissant la r\u00e9alisation d\u2019analyse d\u2019une grande pr\u00e9cision r\u00e9pondant aux normes.<\/p>\n<ul>\n<li>Incubateurs bact\u00e9riologiques INB 500. Marque: MEMMERT.<\/li>\n<li>Autoclave PBI. Marque : VWR<\/li>\n<li>Agitateur Vortex Automatique. Marque : KARTELL.<\/li>\n<li>Microscope binoculaire B1-220A.Marque : MOTIC.<\/li>\n<li>Bain marie. Marque : MEMMERT.<\/li>\n<li>Compteur de colonies SC6. Marque : STUART.<\/li>\n<li>Balance analytique. Marque : KERN, pr\u00e9cision : 0.1mg.<\/li>\n<li>R\u00e9frig\u00e9rateur.<\/li>\n<li>Broyeur homog\u00e9n\u00e9isateur (Stomacher) Circulator 400. Marque: SEWARD.<\/li>\n<li>Distillateur NS 103. Marque : NUVE.<\/li>\n<li>Etuve de st\u00e9rilisation UNB 400. Marque : MEMMERT.<\/li>\n<li>Spectrophotom\u00e8tre UV-visible 320D. Marque: SAFAS<\/li>\n<li>Centrifugeuse. NOVA SAFETY \u00ab FUNKE GERBER \u00bb.<\/li>\n<li>Bain marie 7L WNB. Marque: MEMMERT.<\/li>\n<li>Agitateur magn\u00e9tique chauffant US 152-BIBBY. Marque: STUART.<\/li>\n<li>Conductim\u00e8tre HI 2315. Marque : MEMMERT.<\/li>\n<li>pHm\u00e8tre de laboratoire HI 2210. Marque: HANNA.<\/li>\n<li>R\u00e9fractom\u00e8tre \u00e0 main 0-80 Brix. Marque : HANNA.<\/li>\n<li>Chauffe ballons s\u00e9rie EM. Marque : ELECTROTHERMAL.<\/li>\n<li>Extracteur Soxhlet.<\/li>\n<li>Thermo lactodensim\u00e8tre: selon gerber 1.105\/1.040 en 0.01g\/ml avec thermom\u00e8tre tige GERBER.<\/li>\n<li>Thermom\u00e8tre CHECKTEMP HI 98501 .Marque : HANNA.<\/li>\n<li>Dessiccateur 250 MM avec bouchon. Marque : ISOLAB.<\/li>\n<li>Hotte chimique.<\/li>\n<li>Appareil de KJELDAHL. Marque : VELP<\/li>\n<li>Spectophtom\u00e8tre HACH DR 3900.<\/li>\n<\/ul>\n<p>[\/vc_column_text][\/vc_column_inner][\/vc_row_inner]<\/div><\/div><a class=\"cz_tab_a hide\" data-tab=\"cz_107921\" href=\"#\"><span class=\"cz_tab_in_title\">Salles, Hygi\u00e8ne, Environnement<\/span><\/a><div id=\"cz_107921\" class=\"cz_tab\"><div>[vc_row_inner][vc_column_inner width=\u00a0\u00bb1\/2&Prime;][vc_single_image image=\u00a0\u00bb6724&Prime; img_size=\u00a0\u00bblarge\u00a0\u00bb alignment=\u00a0\u00bbcenter\u00a0\u00bb style=\u00a0\u00bbvc_box_shadow_border\u00a0\u00bb css_animation=\u00a0\u00bbleft-to-right\u00a0\u00bb][\/vc_column_inner][vc_column_inner width=\u00a0\u00bb1\/2&Prime;][vc_column_text]Le laboratoire dispose de l&rsquo;espace et de l&rsquo;environnement ad\u00e9quats pour l&rsquo;activit\u00e9 qui y est d\u00e9ploy\u00e9e.<\/p>\n<p>Les salles et leurs \u00e9quipements contribuent \u00e0 la qualit\u00e9 du service sous tous ses aspects.<\/p>\n<p>Les salles sont proportionn\u00e9es, en nombre et en surface, aux utilisations pr\u00e9vues:<\/p>\n<p>1. Salle de r\u00e9ception.<\/p>\n<p>2. Salle des analyses physico-chimiques\u00a0:<\/p>\n<ul>\n<li style=\"list-style-type: none;\">\n<ul>\n<li>Analyse sensorielle.<\/li>\n<li>Analyse physico-chimique.<\/li>\n<\/ul>\n<\/li>\n<\/ul>\n<p>3. Salle des analyses microbiologiques divis\u00e9e en 3 salles:<\/p>\n<ul>\n<li style=\"list-style-type: none;\">\n<ul>\n<li>Salle de pr\u00e9paration.<\/li>\n<li>Salle d\u2019ensemencement.<\/li>\n<li>Salle d\u2019\u00e9tuvage et de lecture.<\/li>\n<li>La laverie.<\/li>\n<\/ul>\n<\/li>\n<\/ul>\n<p>Leur disposition et leur \u00e9quipement favorisent une bonne ex\u00e9cution des op\u00e9rations qui y sont conduites.<\/p>\n<p>Les plans de travail sont suffisants, en nombre et en surface, pour permettre de travailler en toute s\u00e9curit\u00e9 et de mani\u00e8re ergonomique. Ils sont \u00e9quip\u00e9s en fonction des besoins.<\/p>\n<p>Les dispositifs de recueil des d\u00e9chets sont suffisants en nombre et en capacit\u00e9 et bien r\u00e9partis.[\/vc_column_text][\/vc_column_inner][\/vc_row_inner]<\/div><\/div><a class=\"cz_tab_a hide\" data-tab=\"cz_38797\" href=\"#\"><span class=\"cz_tab_in_title\">Le personnel<\/span><\/a><div id=\"cz_38797\" class=\"cz_tab\"><div>[vc_row_inner css=\u00a0\u00bb.vc_custom_1716323359307{margin-right: 20px !important;margin-left: -20px !important;}\u00a0\u00bb][vc_column_inner width=\u00a0\u00bb1\/2&Prime;][vc_single_image image=\u00a0\u00bb6723&Prime; img_size=\u00a0\u00bblarge\u00a0\u00bb alignment=\u00a0\u00bbcenter\u00a0\u00bb style=\u00a0\u00bbvc_box_shadow_border\u00a0\u00bb][\/vc_column_inner][vc_column_inner width=\u00a0\u00bb1\/2&Prime;][vc_column_text]Une \u00e9quipe comp\u00e9tente et dynamique, qui s&rsquo;engage au quotidien \u00e0 offrir \u00e0 ses clients une prestation de qualit\u00e9.<\/p>\n<p>Le personnel technique est responsable de l&rsquo;ex\u00e9cution des analyses conform\u00e9ment aux directives et aux proc\u00e9dures du laboratoire.[\/vc_column_text][\/vc_column_inner][\/vc_row_inner]<\/div><\/div><\/div><\/div>[\/vc_column][\/vc_row]<\/p>\n<\/div>","protected":false},"excerpt":{"rendered":"<p>[vc_row][vc_column width=\u00a0\u00bb1\/6&Prime;][\/vc_column][vc_column width=\u00a0\u00bb2\/3&Prime;][vc_column_text] SECULAB vous accompagne dans la conformit\u00e9 de vos &#8230; <\/p>\n","protected":false},"author":1,"featured_media":0,"parent":0,"menu_order":0,"comment_status":"closed","ping_status":"closed","template":"","meta":{"footnotes":""},"class_list":["post-6666","page","type-page","status-publish","hentry"],"_links":{"self":[{"href":"https:\/\/seculab-dz.com\/index.php?rest_route=\/wp\/v2\/pages\/6666","targetHints":{"allow":["GET"]}}],"collection":[{"href":"https:\/\/seculab-dz.com\/index.php?rest_route=\/wp\/v2\/pages"}],"about":[{"href":"https:\/\/seculab-dz.com\/index.php?rest_route=\/wp\/v2\/types\/page"}],"author":[{"embeddable":true,"href":"https:\/\/seculab-dz.com\/index.php?rest_route=\/wp\/v2\/users\/1"}],"replies":[{"embeddable":true,"href":"https:\/\/seculab-dz.com\/index.php?rest_route=%2Fwp%2Fv2%2Fcomments&post=6666"}],"version-history":[{"count":0,"href":"https:\/\/seculab-dz.com\/index.php?rest_route=\/wp\/v2\/pages\/6666\/revisions"}],"wp:attachment":[{"href":"https:\/\/seculab-dz.com\/index.php?rest_route=%2Fwp%2Fv2%2Fmedia&parent=6666"}],"curies":[{"name":"wp","href":"https:\/\/api.w.org\/{rel}","templated":true}]}}