{"id":6522,"date":"2016-02-22T09:22:29","date_gmt":"2016-02-22T09:22:29","guid":{"rendered":"http:\/\/carthage-tech.net\/test\/cl\/?page_id=6522"},"modified":"2024-05-23T13:50:41","modified_gmt":"2024-05-23T13:50:41","slug":"accueil","status":"publish","type":"page","link":"https:\/\/seculab-dz.com\/","title":{"rendered":"Accueil"},"content":{"rendered":"<div class=\"wpb-content-wrapper\"><p>[vc_row][vc_column][vc_empty_space]<div id=\"cz_64506\" class=\"cz_64506 cz_title clr cz_title_pos_inline tac\"><div class=\"cz_title_content\"><span class=\"cz_line_side_solo\">_<\/span><div class=\"cz_wpe_content\"><h2 style=\"text-align: center;\">DOMAINES D&rsquo;ACTIVIT\u00c9S<\/h2>\n<\/div><span class=\"cz_line_side_solo cz_line_side_after\" style=\"left:1px\">_<\/span><\/div><\/div>[vc_empty_space][\/vc_column][\/vc_row][vc_row][vc_column width=\u00a0\u00bb1\/4&Prime;]<a href=\"https:\/\/seculab-dz.com\/?page_id=6784\" title=\"Contr\u00f4le  des Produits Agro-alimentaires\"><div id=\"cz_111030\" class=\"cz_111030 services clr style11 services_b\"><div class=\"service_img\"><img decoding=\"async\" width=\"300\" height=\"200\" src=\"https:\/\/seculab-dz.com\/wp-content\/uploads\/2016\/02\/agro-300x200.jpg\" class=\"service-icon attachment-medium\" alt=\"\" title=\"agro\" srcset=\"https:\/\/seculab-dz.com\/wp-content\/uploads\/2016\/02\/agro-300x200.jpg 300w, https:\/\/seculab-dz.com\/wp-content\/uploads\/2016\/02\/agro.jpg 450w\" sizes=\"(max-width: 300px) 100vw, 300px\" \/><\/div><div class=\"service_text\"><h3>Agroalimentaires<\/h3><div class=\"cz_wpe_content\">Analyses sur la qualit\u00e9 et la s\u00e9curit\u00e9 des aliments<\/div><\/div><\/div><\/a>[\/vc_column][vc_column width=\u00a0\u00bb1\/4&Prime;]<a href=\"https:\/\/seculab-dz.com\/?page_id=6653\" title=\"Contr\u00f4le  des Produits Agro-alimentaires\"><div id=\"cz_28598\" class=\"cz_28598 services clr style11 services_b\"><div class=\"service_img\"><img decoding=\"async\" width=\"300\" height=\"200\" src=\"https:\/\/seculab-dz.com\/wp-content\/uploads\/2016\/02\/cosmet-300x200.jpeg\" class=\"service-icon attachment-medium\" alt=\"\" title=\"Group of cosmetic bottles isolated on white\" srcset=\"https:\/\/seculab-dz.com\/wp-content\/uploads\/2016\/02\/cosmet-300x200.jpeg 300w, https:\/\/seculab-dz.com\/wp-content\/uploads\/2016\/02\/cosmet.jpeg 450w\" sizes=\"(max-width: 300px) 100vw, 300px\" \/><\/div><div class=\"service_text\"><h3>Cosm\u00e9tiques<\/h3><div class=\"cz_wpe_content\">V\u00e9rification de l\u2019innocuit\u00e9 de vos produits finis et mati\u00e8res premi\u00e8res<\/div><\/div><\/div><\/a>[\/vc_column][vc_column width=\u00a0\u00bb1\/4&Prime;]<a href=\"https:\/\/seculab-dz.com\/?page_id=6638\" title=\"Contr\u00f4le  des Produits Agro-alimentaires\"><div id=\"cz_36328\" class=\"cz_36328 services clr style11 services_b\"><div class=\"service_img\"><img decoding=\"async\" width=\"300\" height=\"200\" src=\"https:\/\/seculab-dz.com\/wp-content\/uploads\/2016\/02\/hygiene-300x200.jpg\" class=\"service-icon attachment-medium\" alt=\"\" title=\"hygiene\" srcset=\"https:\/\/seculab-dz.com\/wp-content\/uploads\/2016\/02\/hygiene-300x200.jpg 300w, https:\/\/seculab-dz.com\/wp-content\/uploads\/2016\/02\/hygiene.jpg 450w\" sizes=\"(max-width: 300px) 100vw, 300px\" \/><\/div><div class=\"service_text\"><h3>D\u00e9tergents<\/h3><div class=\"cz_wpe_content\">V\u00e9rification de la s\u00e9curit\u00e9 ou la performance de vos produits<\/div><\/div><\/div><\/a>[\/vc_column][vc_column width=\u00a0\u00bb1\/4&Prime;]<a href=\"https:\/\/seculab-dz.com\/?page_id=6658\" title=\"ANALYSE DES EAUX  ET SOLS\"><div id=\"cz_100208\" class=\"cz_100208 services clr style11 services_b\"><div class=\"service_img\"><img decoding=\"async\" width=\"300\" height=\"200\" src=\"https:\/\/seculab-dz.com\/wp-content\/uploads\/2016\/02\/clean_water_in_glass-300x200.jpg\" class=\"service-icon attachment-medium\" alt=\"\" title=\"Pouring water into glass\" srcset=\"https:\/\/seculab-dz.com\/wp-content\/uploads\/2016\/02\/clean_water_in_glass-300x200.jpg 300w, https:\/\/seculab-dz.com\/wp-content\/uploads\/2016\/02\/clean_water_in_glass-1024x682.jpg 1024w, https:\/\/seculab-dz.com\/wp-content\/uploads\/2016\/02\/clean_water_in_glass-768x512.jpg 768w, https:\/\/seculab-dz.com\/wp-content\/uploads\/2016\/02\/clean_water_in_glass-1536x1024.jpg 1536w, https:\/\/seculab-dz.com\/wp-content\/uploads\/2016\/02\/clean_water_in_glass-600x400.jpg 600w, https:\/\/seculab-dz.com\/wp-content\/uploads\/2016\/02\/clean_water_in_glass.jpg 1697w\" sizes=\"(max-width: 300px) 100vw, 300px\" \/><\/div><div class=\"service_text\"><h3>Eaux<\/h3><div class=\"cz_wpe_content\">D\u00e9termination de la potabilit\u00e9 des eaux de consommation humaine<\/div><\/div><\/div><\/a>[\/vc_column][\/vc_row][vc_row full_width=\u00a0\u00bbstretch_row_content\u00a0\u00bb][vc_column]<div class=\"cz_gap clr \" style=\"height: 80px\"><\/div><div class=\"cz_eqh cz_content_box_parent_fx  \"><div id=\"cz_109576\" class=\"cz_109576 cz_content_box clr\"><div class=\"cz_box_front clr\"><div class=\"cz_box_front_inner clr \"><span><\/span><div>[vc_row_inner][vc_column_inner width=\u00a0\u00bb2\/3&Prime;]<div id=\"cz_57591\" class=\"cz_57591 cz_title clr cz_title_pos_inline\"><div class=\"cz_title_content\"><div class=\"cz_wpe_content\"><h1><span style=\"color: #ffffff;\">SECULAB<\/span><\/h1>\n<h3><span style=\"color: #ffffff;\">Vous assure une mission de service public et proc\u00e8de \u00e0 des analyses de qualit\u00e9 pour les administrations, les entreprises et les particuliers.<\/span><\/h3>\n<\/div><\/div><\/div>[\/vc_column_inner][vc_column_inner width=\u00a0\u00bb1\/3&Prime;]<div class=\"cz_gap clr \" style=\"height: 50px\"><\/div><div class=\"cz_btn_block\"><div class=\"cz_62051_p\"><a id=\"cz_62051\" class=\"cz_62051 cz_btn cz_btn_show_hidden_icon cz_btn_no_fx cz_btn_icon_after\" href=\"https:\/\/seculab-dz.com\/?page_id=6577\" title=\"Contact\"><span><strong>DEMANDEZ UN DEVIS<\/strong><i class=\"fa fa-long-arrow-right\"><\/i><\/span><b class=\"cz_btn_onhover\"><strong>DEMANDEZ UN DEVIS<\/strong><i class=\"fa fa-long-arrow-right\"><\/i><\/b><\/a><\/div><\/div>[\/vc_column_inner][\/vc_row_inner]<\/div><\/div><\/div><\/div><\/div><div class=\"cz_gap clr \" style=\"height: 80px\"><\/div>[\/vc_column][\/vc_row][vc_row][vc_column][vc_empty_space]<div id=\"cz_45478\" class=\"cz_45478 cz_title clr cz_title_pos_inline tac\"><div class=\"cz_title_content\"><span class=\"cz_line_side_solo\">_<\/span><div class=\"cz_wpe_content\"><h2 style=\"text-align: center;\">NOS SERVICES<\/h2>\n<\/div><span class=\"cz_line_side_solo cz_line_side_after\" style=\"left:1px\">_<\/span><\/div><\/div>[vc_empty_space][\/vc_column][\/vc_row][vc_row][vc_column width=\u00a0\u00bb1\/4&Prime; css=\u00a0\u00bb.vc_custom_1716322348816{margin-bottom: 20px !important;}\u00a0\u00bb][vc_hoverbox image=\u00a0\u00bb6825&Prime; primary_title=\u00a0\u00bb\u00a0\u00bb hover_title=\u00a0\u00bbLes pr\u00e9l\u00e8vements\u00a0\u00bb hover_title_font_container=\u00a0\u00bbcolor:%23ffffff\u00a0\u00bb hover_title_use_theme_fonts=\u00a0\u00bbyes\u00a0\u00bb hover_background_color=\u00a0\u00bbcustom\u00a0\u00bb hover_btn_title=\u00a0\u00bbSAVOIR PLUS\u00a0\u00bb use_custom_fonts_hover_title=\u00a0\u00bbtrue\u00a0\u00bb hover_add_button=\u00a0\u00bbtrue\u00a0\u00bb hover_custom_background=\u00a0\u00bb#009a93&Prime; hover_btn_link=\u00a0\u00bburl:https%3A%2F%2Fseculab-dz.com%2F%3Fpage_id%3D6691|title:Nos%20Services\u00a0\u00bb][\/vc_hoverbox][\/vc_column][vc_column width=\u00a0\u00bb1\/4&Prime; css=\u00a0\u00bb.vc_custom_1716322360762{margin-bottom: 20px !important;}\u00a0\u00bb][vc_hoverbox image=\u00a0\u00bb6620&Prime; primary_title=\u00a0\u00bb\u00a0\u00bb hover_title=\u00a0\u00bbM\u00e9tiers de bouche\u00a0\u00bb hover_title_font_container=\u00a0\u00bbcolor:%23ffffff\u00a0\u00bb hover_title_use_theme_fonts=\u00a0\u00bbyes\u00a0\u00bb hover_background_color=\u00a0\u00bbcustom\u00a0\u00bb hover_btn_title=\u00a0\u00bbSAVOIR PLUS\u00a0\u00bb use_custom_fonts_hover_title=\u00a0\u00bbtrue\u00a0\u00bb hover_add_button=\u00a0\u00bbtrue\u00a0\u00bb hover_custom_background=\u00a0\u00bb#009a93&Prime; hover_btn_link=\u00a0\u00bburl:https%3A%2F%2Fseculab-dz.com%2F%3Fpage_id%3D6691|title:Nos%20Services\u00a0\u00bb][\/vc_hoverbox][\/vc_column][vc_column width=\u00a0\u00bb1\/4&Prime; css=\u00a0\u00bb.vc_custom_1716322371288{margin-bottom: 20px !important;}\u00a0\u00bb][vc_hoverbox image=\u00a0\u00bb6620&Prime; primary_title=\u00a0\u00bb\u00a0\u00bb hover_title=\u00a0\u00bbContr\u00f4le des surfaces\u00a0\u00bb hover_title_font_container=\u00a0\u00bbcolor:%23ffffff\u00a0\u00bb hover_title_use_theme_fonts=\u00a0\u00bbyes\u00a0\u00bb hover_background_color=\u00a0\u00bbcustom\u00a0\u00bb hover_btn_title=\u00a0\u00bbSAVOIR PLUS\u00a0\u00bb use_custom_fonts_hover_title=\u00a0\u00bbtrue\u00a0\u00bb hover_add_button=\u00a0\u00bbtrue\u00a0\u00bb hover_custom_background=\u00a0\u00bb#009a93&Prime; hover_btn_link=\u00a0\u00bburl:https%3A%2F%2Fseculab-dz.com%2F%3Fpage_id%3D6691|title:Nos%20Services\u00a0\u00bb][\/vc_hoverbox][\/vc_column][vc_column width=\u00a0\u00bb1\/4&Prime;][vc_hoverbox image=\u00a0\u00bb6708&Prime; primary_title=\u00a0\u00bb\u00a0\u00bb hover_title=\u00a0\u00bbDossiers techniques\u00a0\u00bb hover_title_font_container=\u00a0\u00bbcolor:%23ffffff\u00a0\u00bb hover_title_use_theme_fonts=\u00a0\u00bbyes\u00a0\u00bb hover_background_color=\u00a0\u00bbcustom\u00a0\u00bb hover_btn_title=\u00a0\u00bbSAVOIR PLUS\u00a0\u00bb use_custom_fonts_hover_title=\u00a0\u00bbtrue\u00a0\u00bb hover_add_button=\u00a0\u00bbtrue\u00a0\u00bb hover_custom_background=\u00a0\u00bb#009a93&Prime; hover_btn_link=\u00a0\u00bburl:https%3A%2F%2Fseculab-dz.com%2F%3Fpage_id%3D6691|title:Nos%20Services\u00a0\u00bb][\/vc_hoverbox][\/vc_column][\/vc_row]<\/p>\n<\/div>","protected":false},"excerpt":{"rendered":"<p>[vc_row][vc_column][vc_empty_space][vc_empty_space][\/vc_column][\/vc_row][vc_row][vc_column width=\u00a0\u00bb1\/4&Prime;][\/vc_column][vc_column width=\u00a0\u00bb1\/4&Prime;][\/vc_column][vc_column width=\u00a0\u00bb1\/4&Prime;][\/vc_column][vc_column width=\u00a0\u00bb1\/4&Prime;][\/vc_column][\/vc_row][vc_row full_width=\u00a0\u00bbstretch_row_content\u00a0\u00bb][vc_column][\/vc_column][\/vc_row][vc_row][vc_column][vc_empty_space][vc_empty_space][\/vc_column][\/vc_row][vc_row][vc_column width=\u00a0\u00bb1\/4&Prime; css=\u00a0\u00bb.vc_custom_1716322348816{margin-bottom: 20px !important;}\u00a0\u00bb][vc_hoverbox image=\u00a0\u00bb6825&Prime; &#8230; <\/p>\n","protected":false},"author":1,"featured_media":0,"parent":0,"menu_order":0,"comment_status":"closed","ping_status":"closed","template":"","meta":{"footnotes":""},"class_list":["post-6522","page","type-page","status-publish","hentry"],"_links":{"self":[{"href":"https:\/\/seculab-dz.com\/index.php?rest_route=\/wp\/v2\/pages\/6522","targetHints":{"allow":["GET"]}}],"collection":[{"href":"https:\/\/seculab-dz.com\/index.php?rest_route=\/wp\/v2\/pages"}],"about":[{"href":"https:\/\/seculab-dz.com\/index.php?rest_route=\/wp\/v2\/types\/page"}],"author":[{"embeddable":true,"href":"https:\/\/seculab-dz.com\/index.php?rest_route=\/wp\/v2\/users\/1"}],"replies":[{"embeddable":true,"href":"https:\/\/seculab-dz.com\/index.php?rest_route=%2Fwp%2Fv2%2Fcomments&post=6522"}],"version-history":[{"count":2,"href":"https:\/\/seculab-dz.com\/index.php?rest_route=\/wp\/v2\/pages\/6522\/revisions"}],"predecessor-version":[{"id":6942,"href":"https:\/\/seculab-dz.com\/index.php?rest_route=\/wp\/v2\/pages\/6522\/revisions\/6942"}],"wp:attachment":[{"href":"https:\/\/seculab-dz.com\/index.php?rest_route=%2Fwp%2Fv2%2Fmedia&parent=6522"}],"curies":[{"name":"wp","href":"https:\/\/api.w.org\/{rel}","templated":true}]}}